{"id":3464,"date":"2025-05-07T11:19:46","date_gmt":"2025-05-07T10:19:46","guid":{"rendered":"https:\/\/www.gcc-ev.de\/?page_id=3464"},"modified":"2026-02-10T10:49:44","modified_gmt":"2026-02-10T09:49:44","slug":"technik-team","status":"publish","type":"page","link":"https:\/\/www.gcc-ev.de\/?page_id=3464","title":{"rendered":"Technik-Team"},"content":{"rendered":"\n<div class=\"wp-block-group alignfull has-subtle-background-background-color has-background\"><div class=\"wp-block-group__inner-container is-layout-flow wp-block-group-is-layout-flow\">\n<div class=\"wp-block-media-text alignwide has-media-on-the-right is-stacked-on-mobile tw-stack-md tw-media-bottom\" style=\"grid-template-columns:auto 49%\"><div class=\"wp-block-media-text__content\">\n<h1 class=\"wp-block-heading\">Unverzichtbar.<\/h1>\n\n\n\n<p class=\"has-large-font-size\">Licht und Ton begeistern. Du h\u00f6rst alles \u2013 weil wir es m\u00f6glich machen. Du siehst alles \u2013 weil wir es inszenieren. Willkommen beim Technik-Team des GCC! Wir sind die Menschen hinter den Kulissen, die daf\u00fcr sorgen, dass jede Veranstaltung ein echtes Erlebnis wird.<\/p>\n<\/div><figure class=\"wp-block-media-text__media\"><img loading=\"lazy\" decoding=\"async\" width=\"770\" height=\"1024\" src=\"http:\/\/www.gcc-ev.de\/wp-content\/uploads\/2025\/05\/photo_2025-05-07_12-12-56-770x1024.jpg\" alt=\"\" class=\"wp-image-3465 size-full\" srcset=\"https:\/\/www.gcc-ev.de\/wp-content\/uploads\/2025\/05\/photo_2025-05-07_12-12-56-770x1024.jpg 770w, https:\/\/www.gcc-ev.de\/wp-content\/uploads\/2025\/05\/photo_2025-05-07_12-12-56-226x300.jpg 226w, https:\/\/www.gcc-ev.de\/wp-content\/uploads\/2025\/05\/photo_2025-05-07_12-12-56-768x1021.jpg 768w, https:\/\/www.gcc-ev.de\/wp-content\/uploads\/2025\/05\/photo_2025-05-07_12-12-56.jpg 963w\" sizes=\"auto, (max-width: 770px) 100vw, 770px\" \/><\/figure><\/div>\n<\/div><\/div>\n\n\n\n<div class=\"wp-block-group alignfull\"><div class=\"wp-block-group__inner-container is-layout-flow wp-block-group-is-layout-flow\">\n<div class=\"wp-block-media-text alignwide is-stacked-on-mobile tw-stack-md\" style=\"grid-template-columns:49% auto\"><figure class=\"wp-block-media-text__media\"><img loading=\"lazy\" decoding=\"async\" width=\"1024\" height=\"576\" src=\"http:\/\/www.gcc-ev.de\/wp-content\/uploads\/2025\/05\/photo_2025-05-07_12-12-55-1024x576.jpg\" alt=\"\" class=\"wp-image-3466 size-full\" srcset=\"https:\/\/www.gcc-ev.de\/wp-content\/uploads\/2025\/05\/photo_2025-05-07_12-12-55-1024x576.jpg 1024w, https:\/\/www.gcc-ev.de\/wp-content\/uploads\/2025\/05\/photo_2025-05-07_12-12-55-300x169.jpg 300w, https:\/\/www.gcc-ev.de\/wp-content\/uploads\/2025\/05\/photo_2025-05-07_12-12-55-768x432.jpg 768w, https:\/\/www.gcc-ev.de\/wp-content\/uploads\/2025\/05\/photo_2025-05-07_12-12-55-1200x675.jpg 1200w, https:\/\/www.gcc-ev.de\/wp-content\/uploads\/2025\/05\/photo_2025-05-07_12-12-55.jpg 1280w\" sizes=\"auto, (max-width: 1024px) 100vw, 1024px\" \/><\/figure><div class=\"wp-block-media-text__content\">\n<h2 class=\"wp-block-heading has-h-3-font-size\">Tontechnik \u2013 Klang, der ankommt<\/h2>\n\n\n\n<p>Ob Prunksitzung oder Kinderfasching: Unser Technik-Team sorgt daf\u00fcr, dass jede Stimme klar verst\u00e4ndlich ist, jedes Instrument zur Geltung kommt und kein Ton untergeht.<br>Wir k\u00fcmmern uns um:<\/p>\n\n\n\n<ul class=\"wp-block-list\">\n<li>Mikrofonierung (u.a. mit Headsets, Funkstrecken)<\/li>\n\n\n\n<li>Signalverarbeitung am und im Mischpult<\/li>\n\n\n\n<li>Lautsprecher-Setup<\/li>\n\n\n\n<li>Soundchecks und Live-Begleitung<\/li>\n<\/ul>\n<\/div><\/div>\n\n\n\n<div class=\"wp-block-media-text alignwide has-media-on-the-right is-stacked-on-mobile tw-stack-md\" style=\"grid-template-columns:auto 49%\"><div class=\"wp-block-media-text__content\">\n<h2 class=\"wp-block-heading has-h-3-font-size\">Lichttechnik \u2013 Atmosph\u00e4re auf Knopfdruck<\/h2>\n\n\n\n<p>Mit modernem Equipment und kreativen Ideen schaffen wir Stimmungen, lenken Blicke und verst\u00e4rken Emotionen. Vollst\u00e4ndig digital mit Produkten von MA Lighting.<\/p>\n\n\n\n<ul class=\"wp-block-list\">\n<li>B\u00fchnenbeleuchtung <\/li>\n\n\n\n<li>Lichtshows synchron zur Musik &#8211; Faschingsparty SchoGuDa<\/li>\n\n\n\n<li>Effekte mit LED, Moving Heads &amp; mehr<\/li>\n\n\n\n<li>Planung und Steuerung mit professioneller Software<\/li>\n<\/ul>\n<\/div><figure class=\"wp-block-media-text__media\"><img loading=\"lazy\" decoding=\"async\" width=\"576\" height=\"1024\" src=\"http:\/\/www.gcc-ev.de\/wp-content\/uploads\/2025\/05\/photo_2025-05-07_12-12-56-2-576x1024.jpg\" alt=\"\" class=\"wp-image-3468 size-full\" srcset=\"https:\/\/www.gcc-ev.de\/wp-content\/uploads\/2025\/05\/photo_2025-05-07_12-12-56-2-576x1024.jpg 576w, https:\/\/www.gcc-ev.de\/wp-content\/uploads\/2025\/05\/photo_2025-05-07_12-12-56-2-169x300.jpg 169w, https:\/\/www.gcc-ev.de\/wp-content\/uploads\/2025\/05\/photo_2025-05-07_12-12-56-2.jpg 720w\" sizes=\"auto, (max-width: 576px) 100vw, 576px\" \/><\/figure><\/div>\n\n\n\n<div class=\"wp-block-media-text alignwide is-stacked-on-mobile tw-stack-md\" style=\"grid-template-columns:49% auto\"><figure class=\"wp-block-media-text__media\"><img loading=\"lazy\" decoding=\"async\" width=\"1024\" height=\"576\" src=\"http:\/\/www.gcc-ev.de\/wp-content\/uploads\/2025\/05\/photo_2025-05-07_12-12-55-2-1024x576.jpg\" alt=\"\" class=\"wp-image-3467 size-full\" srcset=\"https:\/\/www.gcc-ev.de\/wp-content\/uploads\/2025\/05\/photo_2025-05-07_12-12-55-2-1024x576.jpg 1024w, https:\/\/www.gcc-ev.de\/wp-content\/uploads\/2025\/05\/photo_2025-05-07_12-12-55-2-300x169.jpg 300w, https:\/\/www.gcc-ev.de\/wp-content\/uploads\/2025\/05\/photo_2025-05-07_12-12-55-2-768x432.jpg 768w, https:\/\/www.gcc-ev.de\/wp-content\/uploads\/2025\/05\/photo_2025-05-07_12-12-55-2-1200x675.jpg 1200w, https:\/\/www.gcc-ev.de\/wp-content\/uploads\/2025\/05\/photo_2025-05-07_12-12-55-2.jpg 1280w\" sizes=\"auto, (max-width: 1024px) 100vw, 1024px\" \/><\/figure><div class=\"wp-block-media-text__content\">\n<h2 class=\"wp-block-heading has-h-3-font-size\">Werde Teil des Teams!<\/h2>\n\n\n\n<p>Technik ist mehr als nur Kabel und Kn\u00f6pfe \u2013 es ist Teamwork, Verantwortung und kreative Freiheit. Egal, ob du schon Erfahrung hast oder neu einsteigen willst: Bei uns lernst du alles, was du brauchst. Und du bist Teil eines coolen, engagierten Teams.<\/p>\n\n\n\n<ul class=\"wp-block-list\">\n<li>Melde dich bei <a href=\"mailto:technik@gcc-ev.de\">technik@gcc-ev.de<\/a><\/li>\n<\/ul>\n<\/div><\/div>\n<\/div><\/div>\n\n\n\n<p><\/p>\n","protected":false},"excerpt":{"rendered":"<p>Unverzichtbar. Licht und Ton begeistern. Du h\u00f6rst alles \u2013 weil wir es m\u00f6glich machen. Du siehst alles \u2013 weil wir es inszenieren. Willkommen beim Technik-Team des GCC! Wir sind die Menschen hinter den Kulissen, die daf\u00fcr sorgen, dass jede Veranstaltung ein echtes Erlebnis wird. Tontechnik \u2013 Klang, der ankommt Ob Prunksitzung oder Kinderfasching: Unser Technik-Team&hellip;<\/p>\n","protected":false},"author":1,"featured_media":0,"parent":0,"menu_order":0,"comment_status":"closed","ping_status":"closed","template":"","meta":{"pgc_sgb_lightbox_settings":"","footnotes":""},"class_list":["post-3464","page","type-page","status-publish","hentry"],"_links":{"self":[{"href":"https:\/\/www.gcc-ev.de\/index.php?rest_route=\/wp\/v2\/pages\/3464","targetHints":{"allow":["GET"]}}],"collection":[{"href":"https:\/\/www.gcc-ev.de\/index.php?rest_route=\/wp\/v2\/pages"}],"about":[{"href":"https:\/\/www.gcc-ev.de\/index.php?rest_route=\/wp\/v2\/types\/page"}],"author":[{"embeddable":true,"href":"https:\/\/www.gcc-ev.de\/index.php?rest_route=\/wp\/v2\/users\/1"}],"replies":[{"embeddable":true,"href":"https:\/\/www.gcc-ev.de\/index.php?rest_route=%2Fwp%2Fv2%2Fcomments&post=3464"}],"version-history":[{"count":3,"href":"https:\/\/www.gcc-ev.de\/index.php?rest_route=\/wp\/v2\/pages\/3464\/revisions"}],"predecessor-version":[{"id":3607,"href":"https:\/\/www.gcc-ev.de\/index.php?rest_route=\/wp\/v2\/pages\/3464\/revisions\/3607"}],"wp:attachment":[{"href":"https:\/\/www.gcc-ev.de\/index.php?rest_route=%2Fwp%2Fv2%2Fmedia&parent=3464"}],"curies":[{"name":"wp","href":"https:\/\/api.w.org\/{rel}","templated":true}]}}