{"id":230,"date":"2021-11-14T14:56:24","date_gmt":"2021-11-14T14:56:24","guid":{"rendered":"http:\/\/www.gcc-ev.de\/WordPress\/?page_id=230"},"modified":"2025-10-01T13:52:43","modified_gmt":"2025-10-01T12:52:43","slug":"satzung","status":"publish","type":"page","link":"https:\/\/www.gcc-ev.de\/?page_id=230","title":{"rendered":"Satzung"},"content":{"rendered":"\n<p>Die Mitgliederversammlung vom 02.06.2025 hat die \u00c4nderung der Satzung in&nbsp;<\/p>\n\n\n\n<p>\u00a7 5 (Pflichten der Mitglieder) und&nbsp;\u00a7 8 (F\u00f6rderer)&nbsp;beschlossen.<\/p>\n\n\n\n<p>Die ge\u00e4nderte Satzung wurde mit Wirkung zum 07.08.2025 in das Vereinsregister beim Amtsgericht K\u00f6nigstein eingetragen. Die &#8222;alte&#8220; Satzung verliert damit ihre G\u00fcltigkeit.<\/p>\n\n\n\n<h5 class=\"wp-block-heading\">Hier k\u00f6nnen Sie die Satzung einsehen:<\/h5>\n\n\n\n<div class=\"wp-block-file\"><a id=\"wp-block-file--media-4b3fad61-2f60-426f-aff0-0f91c5ef2544\" href=\"https:\/\/www.gcc-ev.de\/wp-content\/uploads\/2025\/09\/Satzung-Gusbacher-Carneval-Club-1981-eV.pdf\">Satzung Gusbacher Carneval Club 1981 eV<\/a><a href=\"https:\/\/www.gcc-ev.de\/wp-content\/uploads\/2025\/09\/Satzung-Gusbacher-Carneval-Club-1981-eV.pdf\" class=\"wp-block-file__button wp-element-button\" download aria-describedby=\"wp-block-file--media-4b3fad61-2f60-426f-aff0-0f91c5ef2544\">Herunterladen<\/a><\/div>\n\n\n\n<p><\/p>\n","protected":false},"excerpt":{"rendered":"<p>Die Mitgliederversammlung vom 02.06.2025 hat die \u00c4nderung der Satzung in&nbsp; \u00a7 5 (Pflichten der Mitglieder) und&nbsp;\u00a7 8 (F\u00f6rderer)&nbsp;beschlossen. Die ge\u00e4nderte Satzung wurde mit Wirkung zum 07.08.2025 in das Vereinsregister beim Amtsgericht K\u00f6nigstein eingetragen. Die &#8222;alte&#8220; Satzung verliert damit ihre G\u00fcltigkeit. Hier k\u00f6nnen Sie die Satzung einsehen:<\/p>\n","protected":false},"author":1,"featured_media":0,"parent":0,"menu_order":0,"comment_status":"closed","ping_status":"closed","template":"","meta":{"pgc_sgb_lightbox_settings":"","footnotes":""},"class_list":["post-230","page","type-page","status-publish","hentry"],"_links":{"self":[{"href":"https:\/\/www.gcc-ev.de\/index.php?rest_route=\/wp\/v2\/pages\/230","targetHints":{"allow":["GET"]}}],"collection":[{"href":"https:\/\/www.gcc-ev.de\/index.php?rest_route=\/wp\/v2\/pages"}],"about":[{"href":"https:\/\/www.gcc-ev.de\/index.php?rest_route=\/wp\/v2\/types\/page"}],"author":[{"embeddable":true,"href":"https:\/\/www.gcc-ev.de\/index.php?rest_route=\/wp\/v2\/users\/1"}],"replies":[{"embeddable":true,"href":"https:\/\/www.gcc-ev.de\/index.php?rest_route=%2Fwp%2Fv2%2Fcomments&post=230"}],"version-history":[{"count":10,"href":"https:\/\/www.gcc-ev.de\/index.php?rest_route=\/wp\/v2\/pages\/230\/revisions"}],"predecessor-version":[{"id":3490,"href":"https:\/\/www.gcc-ev.de\/index.php?rest_route=\/wp\/v2\/pages\/230\/revisions\/3490"}],"wp:attachment":[{"href":"https:\/\/www.gcc-ev.de\/index.php?rest_route=%2Fwp%2Fv2%2Fmedia&parent=230"}],"curies":[{"name":"wp","href":"https:\/\/api.w.org\/{rel}","templated":true}]}}