{"id":221,"date":"2021-11-14T14:53:02","date_gmt":"2021-11-14T14:53:02","guid":{"rendered":"http:\/\/www.gcc-ev.de\/WordPress\/?page_id=221"},"modified":"2025-06-02T19:20:15","modified_gmt":"2025-06-02T18:20:15","slug":"mitgliedschaft","status":"publish","type":"page","link":"https:\/\/www.gcc-ev.de\/?page_id=221","title":{"rendered":"Mitgliedschaft"},"content":{"rendered":"\n<p>Durch Ihre Mitgliedschaft k\u00f6nnen Sie den Verein und die Pflege des Brauchtums Carneval unterst\u00fctzen<\/p>\n\n\n\n<p>Um Mitglied zu werden, laden Sie einfach den Mitgliedsantrag, SEPA-Lastschriftmandat, Datenschutzerkl\u00e4rung und Einwilligungserkl\u00e4rungen herunter, f\u00fcllen sie aus und senden sie per Post an den Vorstand (nur vollst\u00e4ndige Mitgliedsantr\u00e4ge werden angenommen).<\/p>\n\n\n\n<p><strong>Bankverbindung<\/strong><br>Frankfurter Volksbank<br>BIC: FFVBDEFF<br>IBAN: DE61 5019 0000 0014 1232 02<\/p>\n\n\n\n<p><strong>Beitrag<\/strong><br>Jugendliche (bis 18 Jahre) &#8211; \u20ac 20,- \/Jahr<br>Erwachsene &#8211; \u20ac 40,- \/ Jahr<\/p>\n\n\n\n<p>Die Satzung finden Sie <a href=\"http:\/\/www.gcc-ev.de\/?page_id=230\" data-type=\"page\" data-id=\"230\">hier<\/a>.<\/p>\n\n\n\n<p><a href=\"http:\/\/www.gcc-ev.de\/?page_id=1060\" data-type=\"page\" data-id=\"1060\">Hier<\/a> finden Sie einige wichtige Vordrucke und Dokumente zum Download.<\/p>\n","protected":false},"excerpt":{"rendered":"<p>Durch Ihre Mitgliedschaft k\u00f6nnen Sie den Verein und die Pflege des Brauchtums Carneval unterst\u00fctzen Um Mitglied zu werden, laden Sie einfach den Mitgliedsantrag, SEPA-Lastschriftmandat, Datenschutzerkl\u00e4rung und Einwilligungserkl\u00e4rungen herunter, f\u00fcllen sie aus und senden sie per Post an den Vorstand (nur vollst\u00e4ndige Mitgliedsantr\u00e4ge werden angenommen). BankverbindungFrankfurter VolksbankBIC: FFVBDEFFIBAN: DE61 5019 0000 0014 1232 02 BeitragJugendliche (bis&hellip;<\/p>\n","protected":false},"author":1,"featured_media":0,"parent":0,"menu_order":0,"comment_status":"closed","ping_status":"closed","template":"","meta":{"pgc_sgb_lightbox_settings":"","footnotes":""},"class_list":["post-221","page","type-page","status-publish","hentry"],"_links":{"self":[{"href":"https:\/\/www.gcc-ev.de\/index.php?rest_route=\/wp\/v2\/pages\/221","targetHints":{"allow":["GET"]}}],"collection":[{"href":"https:\/\/www.gcc-ev.de\/index.php?rest_route=\/wp\/v2\/pages"}],"about":[{"href":"https:\/\/www.gcc-ev.de\/index.php?rest_route=\/wp\/v2\/types\/page"}],"author":[{"embeddable":true,"href":"https:\/\/www.gcc-ev.de\/index.php?rest_route=\/wp\/v2\/users\/1"}],"replies":[{"embeddable":true,"href":"https:\/\/www.gcc-ev.de\/index.php?rest_route=%2Fwp%2Fv2%2Fcomments&post=221"}],"version-history":[{"count":10,"href":"https:\/\/www.gcc-ev.de\/index.php?rest_route=\/wp\/v2\/pages\/221\/revisions"}],"predecessor-version":[{"id":3475,"href":"https:\/\/www.gcc-ev.de\/index.php?rest_route=\/wp\/v2\/pages\/221\/revisions\/3475"}],"wp:attachment":[{"href":"https:\/\/www.gcc-ev.de\/index.php?rest_route=%2Fwp%2Fv2%2Fmedia&parent=221"}],"curies":[{"name":"wp","href":"https:\/\/api.w.org\/{rel}","templated":true}]}}