{"id":2,"date":"2021-01-21T13:52:17","date_gmt":"2021-01-21T13:52:17","guid":{"rendered":"http:\/?page_id=2"},"modified":"2026-04-27T17:01:47","modified_gmt":"2026-04-27T16:01:47","slug":"sample-page","status":"publish","type":"page","link":"https:\/\/www.gcc-ev.de\/","title":{"rendered":"Willkommen beim GCC!"},"content":{"rendered":"\n<p>Herzlich willkommen auf der Homepage des Gusbacher Carneval Clubs!<\/p>\n\n\n\n<hr class=\"wp-block-separator has-text-color has-css-opacity has-background is-style-wide\" style=\"background-color:#ff0000;color:#ff0000\"\/>\n\n\n\n<h2 class=\"wp-block-heading\">Wichtige Informationen<\/h2>\n\n\n<ul class=\"wp-block-latest-posts__list has-dates is-style-tw-posts-card tw-stretched-link wp-block-latest-posts\"><li><div class=\"wp-block-latest-posts__featured-image alignleft\"><img loading=\"lazy\" decoding=\"async\" width=\"800\" height=\"567\" src=\"https:\/\/www.gcc-ev.de\/wp-content\/uploads\/2026\/04\/IMG-20260427-WA0002.jpg\" class=\"attachment-large size-large wp-post-image\" alt=\"\" style=\"max-width:1024px;max-height:1024px;\" srcset=\"https:\/\/www.gcc-ev.de\/wp-content\/uploads\/2026\/04\/IMG-20260427-WA0002.jpg 1024w, https:\/\/www.gcc-ev.de\/wp-content\/uploads\/2026\/04\/IMG-20260427-WA0002-300x213.jpg 300w, https:\/\/www.gcc-ev.de\/wp-content\/uploads\/2026\/04\/IMG-20260427-WA0002-768x545.jpg 768w\" sizes=\"auto, (max-width: 800px) 100vw, 800px\" \/><\/div><a class=\"wp-block-latest-posts__post-title\" href=\"https:\/\/www.gcc-ev.de\/?p=3816\">Chorleitung gesucht<\/a><time datetime=\"2026-04-27T17:01:16+01:00\" class=\"wp-block-latest-posts__post-date\">27. April 2026<\/time><div class=\"wp-block-latest-posts__post-excerpt\"><\/div><\/li>\n<li><div class=\"wp-block-latest-posts__featured-image alignleft\"><img loading=\"lazy\" decoding=\"async\" width=\"724\" height=\"1024\" src=\"https:\/\/www.gcc-ev.de\/wp-content\/uploads\/2026\/04\/IMG-20260427-WA0001-724x1024.jpg\" class=\"attachment-large size-large wp-post-image\" alt=\"\" style=\"max-width:1024px;max-height:1024px;\" srcset=\"https:\/\/www.gcc-ev.de\/wp-content\/uploads\/2026\/04\/IMG-20260427-WA0001-724x1024.jpg 724w, https:\/\/www.gcc-ev.de\/wp-content\/uploads\/2026\/04\/IMG-20260427-WA0001-212x300.jpg 212w, https:\/\/www.gcc-ev.de\/wp-content\/uploads\/2026\/04\/IMG-20260427-WA0001-768x1086.jpg 768w, https:\/\/www.gcc-ev.de\/wp-content\/uploads\/2026\/04\/IMG-20260427-WA0001-1086x1536.jpg 1086w, https:\/\/www.gcc-ev.de\/wp-content\/uploads\/2026\/04\/IMG-20260427-WA0001.jpg 1131w\" sizes=\"auto, (max-width: 724px) 100vw, 724px\" \/><\/div><a class=\"wp-block-latest-posts__post-title\" href=\"https:\/\/www.gcc-ev.de\/?p=3813\">Tag der offenen B\u00fchne<\/a><time datetime=\"2026-04-27T16:25:51+01:00\" class=\"wp-block-latest-posts__post-date\">27. April 2026<\/time><div class=\"wp-block-latest-posts__post-excerpt\"><\/div><\/li>\n<\/ul>\n\n\n<hr class=\"wp-block-separator has-text-color has-css-opacity has-background is-style-wide\" style=\"background-color:#ff0000;color:#ff0000\"\/>\n\n\n\n<h2 class=\"wp-block-heading\">Neueste Beitr\u00e4ge<\/h2>\n\n\n<ul class=\"wp-block-latest-posts__list has-dates is-style-tw-posts-card tw-stretched-link wp-block-latest-posts\"><li><a class=\"wp-block-latest-posts__post-title\" href=\"https:\/\/www.gcc-ev.de\/?p=3805\">Umzug 2026<\/a><time datetime=\"2026-04-18T12:57:20+01:00\" class=\"wp-block-latest-posts__post-date\">18. April 2026<\/time><\/li>\n<li><a class=\"wp-block-latest-posts__post-title\" href=\"https:\/\/www.gcc-ev.de\/?p=3803\">Prunksitzung 2026<\/a><time datetime=\"2026-04-18T12:53:27+01:00\" class=\"wp-block-latest-posts__post-date\">18. April 2026<\/time><\/li>\n<li><div class=\"wp-block-latest-posts__featured-image aligncenter\"><img loading=\"lazy\" decoding=\"async\" width=\"800\" height=\"534\" src=\"https:\/\/www.gcc-ev.de\/wp-content\/uploads\/2026\/02\/WhatsApp-Image-2026-02-19-at-20.08.33-1-1024x683.jpeg\" class=\"attachment-large size-large wp-post-image\" alt=\"\" style=\"max-width:1024px;max-height:1024px;\" srcset=\"https:\/\/www.gcc-ev.de\/wp-content\/uploads\/2026\/02\/WhatsApp-Image-2026-02-19-at-20.08.33-1-1024x683.jpeg 1024w, https:\/\/www.gcc-ev.de\/wp-content\/uploads\/2026\/02\/WhatsApp-Image-2026-02-19-at-20.08.33-1-300x200.jpeg 300w, https:\/\/www.gcc-ev.de\/wp-content\/uploads\/2026\/02\/WhatsApp-Image-2026-02-19-at-20.08.33-1-768x512.jpeg 768w, https:\/\/www.gcc-ev.de\/wp-content\/uploads\/2026\/02\/WhatsApp-Image-2026-02-19-at-20.08.33-1-1200x800.jpeg 1200w, https:\/\/www.gcc-ev.de\/wp-content\/uploads\/2026\/02\/WhatsApp-Image-2026-02-19-at-20.08.33-1.jpeg 1536w\" sizes=\"auto, (max-width: 800px) 100vw, 800px\" \/><\/div><a class=\"wp-block-latest-posts__post-title\" href=\"https:\/\/www.gcc-ev.de\/?p=3634\">Die Knallbonbons brauchen Verst\u00e4rkung!<\/a><time datetime=\"2026-02-19T20:18:28+01:00\" class=\"wp-block-latest-posts__post-date\">19. Februar 2026<\/time><\/li>\n<li><a class=\"wp-block-latest-posts__post-title\" href=\"https:\/\/www.gcc-ev.de\/?p=3621\">Trainingsstart Showtanzgruppe<\/a><time datetime=\"2026-02-14T20:35:18+01:00\" class=\"wp-block-latest-posts__post-date\">14. Februar 2026<\/time><\/li>\n<\/ul>\n\n\n<p>Weitere Meldungen, Ver\u00f6ffentlichungen und Pressetexte gibt es <a href=\"http:\/\/www.gcc-ev.de\/?page_id=9\" data-type=\"page\" data-id=\"9\">hier<\/a> oder im Men\u00fc unter &#8222;<a href=\"http:\/\/www.gcc-ev.de\/?page_id=9\" data-type=\"page\" data-id=\"9\">Aktuelles<\/a>&#8222;.<\/p>\n","protected":false},"excerpt":{"rendered":"<p>Herzlich willkommen auf der Homepage des Gusbacher Carneval Clubs! Wichtige Informationen Neueste Beitr\u00e4ge Weitere Meldungen, Ver\u00f6ffentlichungen und Pressetexte gibt es hier oder im Men\u00fc unter &#8222;Aktuelles&#8222;.<\/p>\n","protected":false},"author":1,"featured_media":1243,"parent":0,"menu_order":0,"comment_status":"closed","ping_status":"open","template":"templates\/template-cover.php","meta":{"pgc_sgb_lightbox_settings":"","footnotes":""},"class_list":["post-2","page","type-page","status-publish","has-post-thumbnail","hentry"],"_links":{"self":[{"href":"https:\/\/www.gcc-ev.de\/index.php?rest_route=\/wp\/v2\/pages\/2","targetHints":{"allow":["GET"]}}],"collection":[{"href":"https:\/\/www.gcc-ev.de\/index.php?rest_route=\/wp\/v2\/pages"}],"about":[{"href":"https:\/\/www.gcc-ev.de\/index.php?rest_route=\/wp\/v2\/types\/page"}],"author":[{"embeddable":true,"href":"https:\/\/www.gcc-ev.de\/index.php?rest_route=\/wp\/v2\/users\/1"}],"replies":[{"embeddable":true,"href":"https:\/\/www.gcc-ev.de\/index.php?rest_route=%2Fwp%2Fv2%2Fcomments&post=2"}],"version-history":[{"count":18,"href":"https:\/\/www.gcc-ev.de\/index.php?rest_route=\/wp\/v2\/pages\/2\/revisions"}],"predecessor-version":[{"id":3819,"href":"https:\/\/www.gcc-ev.de\/index.php?rest_route=\/wp\/v2\/pages\/2\/revisions\/3819"}],"wp:featuredmedia":[{"embeddable":true,"href":"https:\/\/www.gcc-ev.de\/index.php?rest_route=\/wp\/v2\/media\/1243"}],"wp:attachment":[{"href":"https:\/\/www.gcc-ev.de\/index.php?rest_route=%2Fwp%2Fv2%2Fmedia&parent=2"}],"curies":[{"name":"wp","href":"https:\/\/api.w.org\/{rel}","templated":true}]}}