{"id":191,"date":"2021-11-14T14:21:04","date_gmt":"2021-11-14T14:21:04","guid":{"rendered":"http:\/\/www.gcc-ev.de\/WordPress\/?page_id=191"},"modified":"2026-01-24T15:19:40","modified_gmt":"2026-01-24T14:19:40","slug":"unsere-sponsorinnen","status":"publish","type":"page","link":"https:\/\/www.gcc-ev.de\/?page_id=191","title":{"rendered":"Unsere Sponsor:innen"},"content":{"rendered":"\n<h2 class=\"wp-block-heading\">Der aktive Damenrat<\/h2>\n\n\n\n<figure class=\"wp-block-table is-style-tw-border-h\"><table><tbody><tr><td>Sabine Bergold<\/td><td>Julia Esser<\/td><\/tr><tr><td>Jutta Wei\u00df<\/td><td>Uschi Lechleiter<\/td><\/tr><tr><td>Erika Mundorff<\/td><td>Janett M\u00fchl, <br><em>M. M\u00fchl e.K. Niedernhausen<\/em><\/td><\/tr><tr><td>Martina Racky<\/td><td>Uli Rausch<\/td><\/tr><tr><td>Natalie Seebold<\/td><td>Andrea Sehr<\/td><\/tr><tr><td>Kim Simon<\/td><td>Sandra Striedter<\/td><\/tr><tr><td>Anika Weinkeim<\/td><td><\/td><\/tr><\/tbody><\/table><\/figure>\n\n\n\n<h2 class=\"wp-block-heading\">Die aktiven Senatoren<\/h2>\n\n\n\n<figure class=\"wp-block-table is-style-tw-border-h\"><table><tbody><tr><td>Anton Dostal sen.<\/td><td>Maximilian M\u00fchl,<br><em>Ristaurante Piccola Roma Niedernhausen<\/em><\/td><\/tr><tr><td>Michael Jung<\/td><td>Christoph Striedter, Dr. med.<\/td><\/tr><tr><td>Ramon Olivella<\/td><td>Paul Wei\u00df,<br><em>Autohaus Paul Wei\u00df GmbH &amp; Co. KG Niedernhausen<\/em><\/td><\/tr><tr><td>Gustavo Lange<\/td><td>Marc Schrott<\/td><\/tr><\/tbody><\/table><\/figure>\n\n\n\n<h2 class=\"wp-block-heading\">Die passiven Senatoren<\/h2>\n\n\n\n<figure class=\"wp-block-table is-style-tw-border-h\"><table><tbody><tr><td>Elmar G. Alh\u00e4user<\/td><td>Wolfgang Sauer<\/td><td><\/td><\/tr><tr><td>Bernd Nell<\/td><td><\/td><td><\/td><\/tr><tr><td><\/td><td><\/td><td><\/td><\/tr><tr><td><\/td><td><\/td><td><\/td><\/tr><tr><td><\/td><td><\/td><td><\/td><\/tr><tr><td><\/td><td><\/td><td><\/td><\/tr><tr><td><\/td><td><\/td><td><\/td><\/tr><tr><td><\/td><td><\/td><td><\/td><\/tr><\/tbody><\/table><\/figure>\n\n\n\n<p><\/p>\n","protected":false},"excerpt":{"rendered":"<p>Der aktive Damenrat Sabine Bergold Julia Esser Jutta Wei\u00df Uschi Lechleiter Erika Mundorff Janett M\u00fchl, M. M\u00fchl e.K. Niedernhausen Martina Racky Uli Rausch Natalie Seebold Andrea Sehr Kim Simon Sandra Striedter Anika Weinkeim Die aktiven Senatoren Anton Dostal sen. Maximilian M\u00fchl,Ristaurante Piccola Roma Niedernhausen Michael Jung Christoph Striedter, Dr. med. Ramon Olivella Paul Wei\u00df,Autohaus Paul&hellip;<\/p>\n","protected":false},"author":1,"featured_media":0,"parent":0,"menu_order":0,"comment_status":"closed","ping_status":"closed","template":"","meta":{"pgc_sgb_lightbox_settings":"","footnotes":""},"class_list":["post-191","page","type-page","status-publish","hentry"],"_links":{"self":[{"href":"https:\/\/www.gcc-ev.de\/index.php?rest_route=\/wp\/v2\/pages\/191","targetHints":{"allow":["GET"]}}],"collection":[{"href":"https:\/\/www.gcc-ev.de\/index.php?rest_route=\/wp\/v2\/pages"}],"about":[{"href":"https:\/\/www.gcc-ev.de\/index.php?rest_route=\/wp\/v2\/types\/page"}],"author":[{"embeddable":true,"href":"https:\/\/www.gcc-ev.de\/index.php?rest_route=\/wp\/v2\/users\/1"}],"replies":[{"embeddable":true,"href":"https:\/\/www.gcc-ev.de\/index.php?rest_route=%2Fwp%2Fv2%2Fcomments&post=191"}],"version-history":[{"count":12,"href":"https:\/\/www.gcc-ev.de\/index.php?rest_route=\/wp\/v2\/pages\/191\/revisions"}],"predecessor-version":[{"id":3502,"href":"https:\/\/www.gcc-ev.de\/index.php?rest_route=\/wp\/v2\/pages\/191\/revisions\/3502"}],"wp:attachment":[{"href":"https:\/\/www.gcc-ev.de\/index.php?rest_route=%2Fwp%2Fv2%2Fmedia&parent=191"}],"curies":[{"name":"wp","href":"https:\/\/api.w.org\/{rel}","templated":true}]}}