{"id":186,"date":"2021-11-14T14:11:22","date_gmt":"2021-11-14T14:11:22","guid":{"rendered":"http:\/\/www.gcc-ev.de\/WordPress\/?page_id=186"},"modified":"2026-04-20T16:46:19","modified_gmt":"2026-04-20T15:46:19","slug":"der-vorstand","status":"publish","type":"page","link":"https:\/\/www.gcc-ev.de\/?page_id=186","title":{"rendered":"Der Vorstand"},"content":{"rendered":"\n<div class=\"wp-block-group alignfull\"><div class=\"wp-block-group__inner-container is-layout-flow wp-block-group-is-layout-flow\">\n<div class=\"wp-block-columns alignwide tw-justify-center has-text-align-center tw-gutter-large is-layout-flex wp-container-core-columns-is-layout-d0b3c9c8 wp-block-columns-is-layout-flex\">\n<div class=\"wp-block-column is-layout-flow wp-block-column-is-layout-flow\"><div class=\"wp-block-image\">\n<figure class=\"aligncenter size-large\"><img loading=\"lazy\" decoding=\"async\" width=\"684\" height=\"1024\" src=\"http:\/\/www.gcc-ev.de\/wp-content\/uploads\/2026\/04\/DSC06630-684x1024.jpg\" alt=\"\" class=\"wp-image-3661\" srcset=\"https:\/\/www.gcc-ev.de\/wp-content\/uploads\/2026\/04\/DSC06630-684x1024.jpg 684w, https:\/\/www.gcc-ev.de\/wp-content\/uploads\/2026\/04\/DSC06630-200x300.jpg 200w, https:\/\/www.gcc-ev.de\/wp-content\/uploads\/2026\/04\/DSC06630-768x1150.jpg 768w, https:\/\/www.gcc-ev.de\/wp-content\/uploads\/2026\/04\/DSC06630-1026x1536.jpg 1026w, https:\/\/www.gcc-ev.de\/wp-content\/uploads\/2026\/04\/DSC06630-1368x2048.jpg 1368w, https:\/\/www.gcc-ev.de\/wp-content\/uploads\/2026\/04\/DSC06630-1200x1797.jpg 1200w, https:\/\/www.gcc-ev.de\/wp-content\/uploads\/2026\/04\/DSC06630-1980x2964.jpg 1980w, https:\/\/www.gcc-ev.de\/wp-content\/uploads\/2026\/04\/DSC06630-scaled.jpg 1710w\" sizes=\"auto, (max-width: 684px) 100vw, 684px\" \/><\/figure>\n<\/div>\n\n\n<h3 class=\"wp-block-heading has-h-5-font-size\">1. Vorsitzende<\/h3>\n\n\n\n<p>Karin Dostal<\/p>\n\n\n\n<p>Langgasse 18, 65510 Idstein, 06126\/9580803<\/p>\n<\/div>\n\n\n\n<div class=\"wp-block-column is-layout-flow wp-block-column-is-layout-flow\"><div class=\"wp-block-image\">\n<figure class=\"aligncenter size-large\"><img loading=\"lazy\" decoding=\"async\" width=\"684\" height=\"1024\" src=\"http:\/\/www.gcc-ev.de\/wp-content\/uploads\/2026\/04\/DSC06636-684x1024.jpg\" alt=\"\" class=\"wp-image-3662\" srcset=\"https:\/\/www.gcc-ev.de\/wp-content\/uploads\/2026\/04\/DSC06636-684x1024.jpg 684w, https:\/\/www.gcc-ev.de\/wp-content\/uploads\/2026\/04\/DSC06636-200x300.jpg 200w, https:\/\/www.gcc-ev.de\/wp-content\/uploads\/2026\/04\/DSC06636-768x1150.jpg 768w, https:\/\/www.gcc-ev.de\/wp-content\/uploads\/2026\/04\/DSC06636-1026x1536.jpg 1026w, https:\/\/www.gcc-ev.de\/wp-content\/uploads\/2026\/04\/DSC06636-1368x2048.jpg 1368w, https:\/\/www.gcc-ev.de\/wp-content\/uploads\/2026\/04\/DSC06636-1200x1797.jpg 1200w, https:\/\/www.gcc-ev.de\/wp-content\/uploads\/2026\/04\/DSC06636-1980x2964.jpg 1980w, https:\/\/www.gcc-ev.de\/wp-content\/uploads\/2026\/04\/DSC06636-scaled.jpg 1710w\" sizes=\"auto, (max-width: 684px) 100vw, 684px\" \/><\/figure>\n<\/div>\n\n\n<h3 class=\"wp-block-heading has-h-5-font-size\">2. Vorsitzende<\/h3>\n\n\n\n<p>Julia Esser<\/p>\n\n\n\n<p> Am K\u00f6nigsberg 43, 65817 Eppstein <\/p>\n<\/div>\n\n\n\n<div class=\"wp-block-column is-layout-flow wp-block-column-is-layout-flow\"><div class=\"wp-block-image\">\n<figure class=\"aligncenter size-large\"><img loading=\"lazy\" decoding=\"async\" width=\"684\" height=\"1024\" src=\"http:\/\/www.gcc-ev.de\/wp-content\/uploads\/2026\/04\/DSC06639-684x1024.jpg\" alt=\"\" class=\"wp-image-3663\" srcset=\"https:\/\/www.gcc-ev.de\/wp-content\/uploads\/2026\/04\/DSC06639-684x1024.jpg 684w, https:\/\/www.gcc-ev.de\/wp-content\/uploads\/2026\/04\/DSC06639-200x300.jpg 200w, https:\/\/www.gcc-ev.de\/wp-content\/uploads\/2026\/04\/DSC06639-768x1150.jpg 768w, https:\/\/www.gcc-ev.de\/wp-content\/uploads\/2026\/04\/DSC06639-1026x1536.jpg 1026w, https:\/\/www.gcc-ev.de\/wp-content\/uploads\/2026\/04\/DSC06639-1368x2048.jpg 1368w, https:\/\/www.gcc-ev.de\/wp-content\/uploads\/2026\/04\/DSC06639-1200x1797.jpg 1200w, https:\/\/www.gcc-ev.de\/wp-content\/uploads\/2026\/04\/DSC06639-1980x2964.jpg 1980w, https:\/\/www.gcc-ev.de\/wp-content\/uploads\/2026\/04\/DSC06639-scaled.jpg 1710w\" sizes=\"auto, (max-width: 684px) 100vw, 684px\" \/><\/figure>\n<\/div>\n\n\n<h3 class=\"wp-block-heading has-h-5-font-size\">1. Kassierer<\/h3>\n\n\n\n<p>Dr. Christoph Striedter<\/p>\n<\/div>\n<\/div>\n<\/div><\/div>\n\n\n\n<div class=\"wp-block-group alignfull\"><div class=\"wp-block-group__inner-container is-layout-flow wp-block-group-is-layout-flow\">\n<div class=\"wp-block-columns alignwide tw-justify-center has-text-align-center tw-gutter-large is-layout-flex wp-container-core-columns-is-layout-d0b3c9c8 wp-block-columns-is-layout-flex\">\n<div class=\"wp-block-column is-layout-flow wp-block-column-is-layout-flow\"><div class=\"wp-block-image\">\n<figure class=\"aligncenter size-large\"><img loading=\"lazy\" decoding=\"async\" width=\"1024\" height=\"393\" src=\"http:\/\/www.gcc-ev.de\/wp-content\/uploads\/2023\/06\/cropped-Gusbacher-Carneval-Club-1981-e.-V_-1024x393.png\" alt=\"\" class=\"wp-image-2160\" srcset=\"https:\/\/www.gcc-ev.de\/wp-content\/uploads\/2023\/06\/cropped-Gusbacher-Carneval-Club-1981-e.-V_-1024x393.png 1024w, https:\/\/www.gcc-ev.de\/wp-content\/uploads\/2023\/06\/cropped-Gusbacher-Carneval-Club-1981-e.-V_-300x115.png 300w, https:\/\/www.gcc-ev.de\/wp-content\/uploads\/2023\/06\/cropped-Gusbacher-Carneval-Club-1981-e.-V_-768x295.png 768w, https:\/\/www.gcc-ev.de\/wp-content\/uploads\/2023\/06\/cropped-Gusbacher-Carneval-Club-1981-e.-V_-1536x590.png 1536w, https:\/\/www.gcc-ev.de\/wp-content\/uploads\/2023\/06\/cropped-Gusbacher-Carneval-Club-1981-e.-V_-2048x786.png 2048w, https:\/\/www.gcc-ev.de\/wp-content\/uploads\/2023\/06\/cropped-Gusbacher-Carneval-Club-1981-e.-V_-1200x461.png 1200w, https:\/\/www.gcc-ev.de\/wp-content\/uploads\/2023\/06\/cropped-Gusbacher-Carneval-Club-1981-e.-V_-1980x760.png 1980w\" sizes=\"auto, (max-width: 1024px) 100vw, 1024px\" \/><\/figure>\n<\/div>\n\n\n<h3 class=\"wp-block-heading has-h-5-font-size\">2. Kassiererin<\/h3>\n\n\n\n<p>Rosi Weinkeim<\/p>\n\n\n\n<p>Waldstra\u00dfe 4, 65527 Niedernhausen<\/p>\n<\/div>\n\n\n\n<div class=\"wp-block-column is-layout-flow wp-block-column-is-layout-flow\"><div class=\"wp-block-image\">\n<figure class=\"aligncenter size-large\"><img loading=\"lazy\" decoding=\"async\" width=\"1024\" height=\"393\" src=\"http:\/\/www.gcc-ev.de\/wp-content\/uploads\/2023\/06\/cropped-Gusbacher-Carneval-Club-1981-e.-V_-1024x393.png\" alt=\"\" class=\"wp-image-2160\" srcset=\"https:\/\/www.gcc-ev.de\/wp-content\/uploads\/2023\/06\/cropped-Gusbacher-Carneval-Club-1981-e.-V_-1024x393.png 1024w, https:\/\/www.gcc-ev.de\/wp-content\/uploads\/2023\/06\/cropped-Gusbacher-Carneval-Club-1981-e.-V_-300x115.png 300w, https:\/\/www.gcc-ev.de\/wp-content\/uploads\/2023\/06\/cropped-Gusbacher-Carneval-Club-1981-e.-V_-768x295.png 768w, https:\/\/www.gcc-ev.de\/wp-content\/uploads\/2023\/06\/cropped-Gusbacher-Carneval-Club-1981-e.-V_-1536x590.png 1536w, https:\/\/www.gcc-ev.de\/wp-content\/uploads\/2023\/06\/cropped-Gusbacher-Carneval-Club-1981-e.-V_-2048x786.png 2048w, https:\/\/www.gcc-ev.de\/wp-content\/uploads\/2023\/06\/cropped-Gusbacher-Carneval-Club-1981-e.-V_-1200x461.png 1200w, https:\/\/www.gcc-ev.de\/wp-content\/uploads\/2023\/06\/cropped-Gusbacher-Carneval-Club-1981-e.-V_-1980x760.png 1980w\" sizes=\"auto, (max-width: 1024px) 100vw, 1024px\" \/><\/figure>\n<\/div>\n\n\n<h3 class=\"wp-block-heading has-h-5-font-size\">1. Schriftf\u00fchrerin<\/h3>\n\n\n\n<p>Maike Sickenberger<\/p>\n\n\n\n<p> Rossertblick 26, 65527 Niedernhausen<\/p>\n<\/div>\n\n\n\n<div class=\"wp-block-column is-layout-flow wp-block-column-is-layout-flow\"><div class=\"wp-block-image\">\n<figure class=\"aligncenter size-large\"><img loading=\"lazy\" decoding=\"async\" width=\"1024\" height=\"393\" src=\"http:\/\/www.gcc-ev.de\/wp-content\/uploads\/2023\/06\/cropped-Gusbacher-Carneval-Club-1981-e.-V_-1024x393.png\" alt=\"\" class=\"wp-image-2160\" srcset=\"https:\/\/www.gcc-ev.de\/wp-content\/uploads\/2023\/06\/cropped-Gusbacher-Carneval-Club-1981-e.-V_-1024x393.png 1024w, https:\/\/www.gcc-ev.de\/wp-content\/uploads\/2023\/06\/cropped-Gusbacher-Carneval-Club-1981-e.-V_-300x115.png 300w, https:\/\/www.gcc-ev.de\/wp-content\/uploads\/2023\/06\/cropped-Gusbacher-Carneval-Club-1981-e.-V_-768x295.png 768w, https:\/\/www.gcc-ev.de\/wp-content\/uploads\/2023\/06\/cropped-Gusbacher-Carneval-Club-1981-e.-V_-1536x590.png 1536w, https:\/\/www.gcc-ev.de\/wp-content\/uploads\/2023\/06\/cropped-Gusbacher-Carneval-Club-1981-e.-V_-2048x786.png 2048w, https:\/\/www.gcc-ev.de\/wp-content\/uploads\/2023\/06\/cropped-Gusbacher-Carneval-Club-1981-e.-V_-1200x461.png 1200w, https:\/\/www.gcc-ev.de\/wp-content\/uploads\/2023\/06\/cropped-Gusbacher-Carneval-Club-1981-e.-V_-1980x760.png 1980w\" sizes=\"auto, (max-width: 1024px) 100vw, 1024px\" \/><\/figure>\n<\/div>\n\n\n<h3 class=\"wp-block-heading has-h-5-font-size\">2. Schriftf\u00fchrer<\/h3>\n\n\n\n<p>Fabian Lampe<\/p>\n<\/div>\n<\/div>\n<\/div><\/div>\n\n\n\n<div class=\"wp-block-group alignfull\"><div class=\"wp-block-group__inner-container is-layout-flow wp-block-group-is-layout-flow\">\n<div class=\"wp-block-columns alignwide tw-justify-center has-text-align-center tw-gutter-large is-layout-flex wp-container-core-columns-is-layout-d0b3c9c8 wp-block-columns-is-layout-flex\">\n<div class=\"wp-block-column is-layout-flow wp-block-column-is-layout-flow\"><div class=\"wp-block-image\">\n<figure class=\"aligncenter size-large\"><img loading=\"lazy\" decoding=\"async\" width=\"1024\" height=\"393\" src=\"http:\/\/www.gcc-ev.de\/wp-content\/uploads\/2023\/06\/cropped-Gusbacher-Carneval-Club-1981-e.-V_-1024x393.png\" alt=\"\" class=\"wp-image-2160\" srcset=\"https:\/\/www.gcc-ev.de\/wp-content\/uploads\/2023\/06\/cropped-Gusbacher-Carneval-Club-1981-e.-V_-1024x393.png 1024w, https:\/\/www.gcc-ev.de\/wp-content\/uploads\/2023\/06\/cropped-Gusbacher-Carneval-Club-1981-e.-V_-300x115.png 300w, https:\/\/www.gcc-ev.de\/wp-content\/uploads\/2023\/06\/cropped-Gusbacher-Carneval-Club-1981-e.-V_-768x295.png 768w, https:\/\/www.gcc-ev.de\/wp-content\/uploads\/2023\/06\/cropped-Gusbacher-Carneval-Club-1981-e.-V_-1536x590.png 1536w, https:\/\/www.gcc-ev.de\/wp-content\/uploads\/2023\/06\/cropped-Gusbacher-Carneval-Club-1981-e.-V_-2048x786.png 2048w, https:\/\/www.gcc-ev.de\/wp-content\/uploads\/2023\/06\/cropped-Gusbacher-Carneval-Club-1981-e.-V_-1200x461.png 1200w, https:\/\/www.gcc-ev.de\/wp-content\/uploads\/2023\/06\/cropped-Gusbacher-Carneval-Club-1981-e.-V_-1980x760.png 1980w\" sizes=\"auto, (max-width: 1024px) 100vw, 1024px\" \/><\/figure>\n<\/div>\n\n\n<h3 class=\"wp-block-heading has-h-5-font-size\">Beisitzer<\/h3>\n\n\n\n<p>Roman Sickenberger<\/p>\n<\/div>\n\n\n\n<div class=\"wp-block-column is-layout-flow wp-block-column-is-layout-flow\"><div class=\"wp-block-image\">\n<figure class=\"aligncenter size-large\"><img loading=\"lazy\" decoding=\"async\" width=\"1024\" height=\"393\" src=\"http:\/\/www.gcc-ev.de\/wp-content\/uploads\/2023\/06\/cropped-Gusbacher-Carneval-Club-1981-e.-V_-1024x393.png\" alt=\"\" class=\"wp-image-2160\" srcset=\"https:\/\/www.gcc-ev.de\/wp-content\/uploads\/2023\/06\/cropped-Gusbacher-Carneval-Club-1981-e.-V_-1024x393.png 1024w, https:\/\/www.gcc-ev.de\/wp-content\/uploads\/2023\/06\/cropped-Gusbacher-Carneval-Club-1981-e.-V_-300x115.png 300w, https:\/\/www.gcc-ev.de\/wp-content\/uploads\/2023\/06\/cropped-Gusbacher-Carneval-Club-1981-e.-V_-768x295.png 768w, https:\/\/www.gcc-ev.de\/wp-content\/uploads\/2023\/06\/cropped-Gusbacher-Carneval-Club-1981-e.-V_-1536x590.png 1536w, https:\/\/www.gcc-ev.de\/wp-content\/uploads\/2023\/06\/cropped-Gusbacher-Carneval-Club-1981-e.-V_-2048x786.png 2048w, https:\/\/www.gcc-ev.de\/wp-content\/uploads\/2023\/06\/cropped-Gusbacher-Carneval-Club-1981-e.-V_-1200x461.png 1200w, https:\/\/www.gcc-ev.de\/wp-content\/uploads\/2023\/06\/cropped-Gusbacher-Carneval-Club-1981-e.-V_-1980x760.png 1980w\" sizes=\"auto, (max-width: 1024px) 100vw, 1024px\" \/><\/figure>\n<\/div>\n\n\n<h3 class=\"wp-block-heading has-h-5-font-size\">Beisitzerin<\/h3>\n\n\n\n<p>Sonja Lampe<\/p>\n<\/div>\n\n\n\n<div class=\"wp-block-column is-layout-flow wp-block-column-is-layout-flow\"><div class=\"wp-block-image\">\n<figure class=\"aligncenter size-large\"><img loading=\"lazy\" decoding=\"async\" width=\"684\" height=\"1024\" src=\"http:\/\/www.gcc-ev.de\/wp-content\/uploads\/2026\/04\/DSC06634-684x1024.jpg\" alt=\"\" class=\"wp-image-3664\" srcset=\"https:\/\/www.gcc-ev.de\/wp-content\/uploads\/2026\/04\/DSC06634-684x1024.jpg 684w, https:\/\/www.gcc-ev.de\/wp-content\/uploads\/2026\/04\/DSC06634-200x300.jpg 200w, https:\/\/www.gcc-ev.de\/wp-content\/uploads\/2026\/04\/DSC06634-768x1150.jpg 768w, https:\/\/www.gcc-ev.de\/wp-content\/uploads\/2026\/04\/DSC06634-1026x1536.jpg 1026w, https:\/\/www.gcc-ev.de\/wp-content\/uploads\/2026\/04\/DSC06634-1368x2048.jpg 1368w, https:\/\/www.gcc-ev.de\/wp-content\/uploads\/2026\/04\/DSC06634-1200x1797.jpg 1200w, https:\/\/www.gcc-ev.de\/wp-content\/uploads\/2026\/04\/DSC06634-1980x2964.jpg 1980w, https:\/\/www.gcc-ev.de\/wp-content\/uploads\/2026\/04\/DSC06634-scaled.jpg 1710w\" sizes=\"auto, (max-width: 684px) 100vw, 684px\" \/><\/figure>\n<\/div>\n\n\n<h3 class=\"wp-block-heading has-h-5-font-size\">Beisitzerin<\/h3>\n\n\n\n<p>Sandra Striedter<\/p>\n<\/div>\n<\/div>\n<\/div><\/div>\n\n\n\n<div class=\"wp-block-group alignfull\"><div class=\"wp-block-group__inner-container is-layout-flow wp-block-group-is-layout-flow\">\n<div class=\"wp-block-columns has-text-align-center tw-gutter-large is-layout-flex wp-container-core-columns-is-layout-d0b3c9c8 wp-block-columns-is-layout-flex\">\n<div class=\"wp-block-column is-layout-flow wp-block-column-is-layout-flow\"><div class=\"wp-block-image\">\n<figure class=\"aligncenter size-large\"><img loading=\"lazy\" decoding=\"async\" width=\"1024\" height=\"393\" src=\"http:\/\/www.gcc-ev.de\/wp-content\/uploads\/2023\/06\/cropped-Gusbacher-Carneval-Club-1981-e.-V_-1024x393.png\" alt=\"\" class=\"wp-image-2160\" srcset=\"https:\/\/www.gcc-ev.de\/wp-content\/uploads\/2023\/06\/cropped-Gusbacher-Carneval-Club-1981-e.-V_-1024x393.png 1024w, https:\/\/www.gcc-ev.de\/wp-content\/uploads\/2023\/06\/cropped-Gusbacher-Carneval-Club-1981-e.-V_-300x115.png 300w, https:\/\/www.gcc-ev.de\/wp-content\/uploads\/2023\/06\/cropped-Gusbacher-Carneval-Club-1981-e.-V_-768x295.png 768w, https:\/\/www.gcc-ev.de\/wp-content\/uploads\/2023\/06\/cropped-Gusbacher-Carneval-Club-1981-e.-V_-1536x590.png 1536w, https:\/\/www.gcc-ev.de\/wp-content\/uploads\/2023\/06\/cropped-Gusbacher-Carneval-Club-1981-e.-V_-2048x786.png 2048w, https:\/\/www.gcc-ev.de\/wp-content\/uploads\/2023\/06\/cropped-Gusbacher-Carneval-Club-1981-e.-V_-1200x461.png 1200w, https:\/\/www.gcc-ev.de\/wp-content\/uploads\/2023\/06\/cropped-Gusbacher-Carneval-Club-1981-e.-V_-1980x760.png 1980w\" sizes=\"auto, (max-width: 1024px) 100vw, 1024px\" \/><\/figure>\n<\/div>\n\n\n<h3 class=\"wp-block-heading has-h-5-font-size\">Beisitzer<\/h3>\n\n\n\n<p>Florian Weinkeim<\/p>\n<\/div>\n\n\n\n<div class=\"wp-block-column is-layout-flow wp-block-column-is-layout-flow\"><div class=\"wp-block-image\">\n<figure class=\"aligncenter size-large\"><img loading=\"lazy\" decoding=\"async\" width=\"684\" height=\"1024\" src=\"http:\/\/www.gcc-ev.de\/wp-content\/uploads\/2026\/04\/DSC06644-684x1024.jpg\" alt=\"\" class=\"wp-image-3665\" srcset=\"https:\/\/www.gcc-ev.de\/wp-content\/uploads\/2026\/04\/DSC06644-684x1024.jpg 684w, https:\/\/www.gcc-ev.de\/wp-content\/uploads\/2026\/04\/DSC06644-200x300.jpg 200w, https:\/\/www.gcc-ev.de\/wp-content\/uploads\/2026\/04\/DSC06644-768x1150.jpg 768w, https:\/\/www.gcc-ev.de\/wp-content\/uploads\/2026\/04\/DSC06644-1026x1536.jpg 1026w, https:\/\/www.gcc-ev.de\/wp-content\/uploads\/2026\/04\/DSC06644-1368x2048.jpg 1368w, https:\/\/www.gcc-ev.de\/wp-content\/uploads\/2026\/04\/DSC06644-1200x1797.jpg 1200w, https:\/\/www.gcc-ev.de\/wp-content\/uploads\/2026\/04\/DSC06644-1980x2964.jpg 1980w, https:\/\/www.gcc-ev.de\/wp-content\/uploads\/2026\/04\/DSC06644-scaled.jpg 1710w\" sizes=\"auto, (max-width: 684px) 100vw, 684px\" \/><\/figure>\n<\/div>\n\n\n<h3 class=\"wp-block-heading has-h-5-font-size\">Beisitzer<\/h3>\n\n\n\n<p>Jannis R\u00f6sner<\/p>\n<\/div>\n<\/div>\n<\/div><\/div>\n","protected":false},"excerpt":{"rendered":"<p>1. Vorsitzende Karin Dostal Langgasse 18, 65510 Idstein, 06126\/9580803 2. Vorsitzende Julia Esser Am K\u00f6nigsberg 43, 65817 Eppstein 1. Kassierer Dr. Christoph Striedter 2. Kassiererin Rosi Weinkeim Waldstra\u00dfe 4, 65527 Niedernhausen 1. Schriftf\u00fchrerin Maike Sickenberger Rossertblick 26, 65527 Niedernhausen 2. Schriftf\u00fchrer Fabian Lampe Beisitzer Roman Sickenberger Beisitzerin Sonja Lampe Beisitzerin Sandra Striedter Beisitzer Florian Weinkeim&hellip;<\/p>\n","protected":false},"author":1,"featured_media":0,"parent":0,"menu_order":0,"comment_status":"closed","ping_status":"closed","template":"","meta":{"pgc_sgb_lightbox_settings":"","footnotes":""},"class_list":["post-186","page","type-page","status-publish","hentry"],"_links":{"self":[{"href":"https:\/\/www.gcc-ev.de\/index.php?rest_route=\/wp\/v2\/pages\/186","targetHints":{"allow":["GET"]}}],"collection":[{"href":"https:\/\/www.gcc-ev.de\/index.php?rest_route=\/wp\/v2\/pages"}],"about":[{"href":"https:\/\/www.gcc-ev.de\/index.php?rest_route=\/wp\/v2\/types\/page"}],"author":[{"embeddable":true,"href":"https:\/\/www.gcc-ev.de\/index.php?rest_route=\/wp\/v2\/users\/1"}],"replies":[{"embeddable":true,"href":"https:\/\/www.gcc-ev.de\/index.php?rest_route=%2Fwp%2Fv2%2Fcomments&post=186"}],"version-history":[{"count":12,"href":"https:\/\/www.gcc-ev.de\/index.php?rest_route=\/wp\/v2\/pages\/186\/revisions"}],"predecessor-version":[{"id":3809,"href":"https:\/\/www.gcc-ev.de\/index.php?rest_route=\/wp\/v2\/pages\/186\/revisions\/3809"}],"wp:attachment":[{"href":"https:\/\/www.gcc-ev.de\/index.php?rest_route=%2Fwp%2Fv2%2Fmedia&parent=186"}],"curies":[{"name":"wp","href":"https:\/\/api.w.org\/{rel}","templated":true}]}}