{"id":181,"date":"2021-11-14T13:57:12","date_gmt":"2021-11-14T13:57:12","guid":{"rendered":"http:\/\/www.gcc-ev.de\/WordPress\/?page_id=181"},"modified":"2026-04-20T16:49:01","modified_gmt":"2026-04-20T15:49:01","slug":"unsere-geschichte","status":"publish","type":"page","link":"https:\/\/www.gcc-ev.de\/?page_id=181","title":{"rendered":"Unsere Geschichte"},"content":{"rendered":"\n<p><strong>Der GCC ist bis heute der einzige Karnevalsverein in Eppstein und hat sich ganz der Pflege des karnevalistischen Brauchtums verschrieben.<\/strong><\/p>\n\n\n\n<p>Die Idee zur Gr\u00fcndung entstand eher spontan \u2013 und zwar bei einer Faschingsveranstaltung am 16. Februar 1981 im Feuerwehrger\u00e4tehaus in Niederjosbach. Als \u201eoffizielles Dokument\u201c diente damals ein Bratwurstdeckel, auf dem 29 Anwesende ihre Unterschrift setzten und damit ihre Absicht bekundeten, einen Carneval-Club ins Leben zu rufen.<\/p>\n\n\n<div class=\"wp-block-image\">\n<figure class=\"aligncenter size-large\"><img decoding=\"async\" src=\"http:\/\/www.gcc-ev.de\/wp-content\/uploads\/2021\/11\/Bratwurstdeckel.jpg\" alt=\"Bratwurstdeckel mit Unterschriften\"\/><\/figure>\n<\/div>\n\n\n<p>Nur wenige Wochen sp\u00e4ter, am 15. M\u00e4rz 1981, wurde es dann ernst: Im Gasthaus der Familie Fischer fand die Gr\u00fcndungsversammlung statt. Zum ersten Vorsitzenden wurde Helmut M\u00fchl gew\u00e4hlt, der sp\u00e4ter viele Jahre lang als Ehrenpr\u00e4sident eng mit dem Verein verbunden blieb.<\/p>\n\n\n<div class=\"wp-block-image\">\n<figure class=\"aligncenter size-large\"><img decoding=\"async\" src=\"http:\/\/www.gcc-ev.de\/wp-content\/uploads\/2021\/11\/Gruendungsprotokoll.jpg\" alt=\"\"\/><\/figure>\n<\/div>\n\n\n<p>Was damals klein begann, hat sich \u00fcber die Jahre zu einer festen Gr\u00f6\u00dfe entwickelt. Heute z\u00e4hlt der GCC mehr als 200 Mitglieder. Zum Vereinsleben geh\u00f6ren inzwischen drei Garde-Tanzgruppen, ein M\u00e4nnerballett sowie eine Damengesangsgruppe. Dar\u00fcber hinaus bereichern mehrere talentierte B\u00fcttenredner das Programm.<\/p>\n\n\n\n<p>Die Veranstaltungen des GCC sind l\u00e4ngst nicht mehr nur ein Geheimtipp vor Ort \u2013 sie sind weit \u00fcber die Stadtgrenzen hinaus bekannt und beliebt.<\/p>\n\n\n\n<p>Der Verein ist Mitglied in der IG Mittelrhein sowie in der Dachorganisation Wiesbadener Karneval und bleibt damit fest in der regionalen Karnevalstradition verankert.<\/p>\n","protected":false},"excerpt":{"rendered":"<p>Der GCC ist bis heute der einzige Karnevalsverein in Eppstein und hat sich ganz der Pflege des karnevalistischen Brauchtums verschrieben. Die Idee zur Gr\u00fcndung entstand eher spontan \u2013 und zwar bei einer Faschingsveranstaltung am 16. Februar 1981 im Feuerwehrger\u00e4tehaus in Niederjosbach. Als \u201eoffizielles Dokument\u201c diente damals ein Bratwurstdeckel, auf dem 29 Anwesende ihre Unterschrift setzten&hellip;<\/p>\n","protected":false},"author":1,"featured_media":0,"parent":0,"menu_order":0,"comment_status":"closed","ping_status":"closed","template":"","meta":{"pgc_sgb_lightbox_settings":"","footnotes":""},"class_list":["post-181","page","type-page","status-publish","hentry"],"_links":{"self":[{"href":"https:\/\/www.gcc-ev.de\/index.php?rest_route=\/wp\/v2\/pages\/181","targetHints":{"allow":["GET"]}}],"collection":[{"href":"https:\/\/www.gcc-ev.de\/index.php?rest_route=\/wp\/v2\/pages"}],"about":[{"href":"https:\/\/www.gcc-ev.de\/index.php?rest_route=\/wp\/v2\/types\/page"}],"author":[{"embeddable":true,"href":"https:\/\/www.gcc-ev.de\/index.php?rest_route=\/wp\/v2\/users\/1"}],"replies":[{"embeddable":true,"href":"https:\/\/www.gcc-ev.de\/index.php?rest_route=%2Fwp%2Fv2%2Fcomments&post=181"}],"version-history":[{"count":3,"href":"https:\/\/www.gcc-ev.de\/index.php?rest_route=\/wp\/v2\/pages\/181\/revisions"}],"predecessor-version":[{"id":3811,"href":"https:\/\/www.gcc-ev.de\/index.php?rest_route=\/wp\/v2\/pages\/181\/revisions\/3811"}],"wp:attachment":[{"href":"https:\/\/www.gcc-ev.de\/index.php?rest_route=%2Fwp%2Fv2%2Fmedia&parent=181"}],"curies":[{"name":"wp","href":"https:\/\/api.w.org\/{rel}","templated":true}]}}