{"id":175,"date":"2021-11-14T13:44:02","date_gmt":"2021-11-14T13:44:02","guid":{"rendered":"http:\/\/www.gcc-ev.de\/WordPress\/?page_id=175"},"modified":"2026-04-20T16:49:36","modified_gmt":"2026-04-20T15:49:36","slug":"impressum","status":"publish","type":"page","link":"https:\/\/www.gcc-ev.de\/?page_id=175","title":{"rendered":"Impressum"},"content":{"rendered":"\n<h5 class=\"wp-block-heading\">Angaben gem\u00e4\u00df \u00a7 5 TMG:<\/h5>\n\n\n\n<p>Gusbacher Carneval Club 1981 e.V.<br>Bezirksstra\u00dfe 40<br>65817 Eppstein<\/p>\n\n\n\n<h5 class=\"wp-block-heading\">Vertreten durch:<\/h5>\n\n\n\n<p class=\"tw-mb-0 tw-mt-0\">Frau Karin Dostal (1.Vorsitzende)<br>Frau Julia Esser (2.Vorsitzende)<br>Herr Dr. Christoph Striedter (1.Kassierer)<br>Frau Rosi Weinkeim (2.Kassiererin)<br>Frau Maike Sickenberger (1.Schriftf\u00fchrerin)<br>Herr Fabian Lampe (2.Schriftf\u00fchrer)<\/p>\n\n\n\n<p><\/p>\n\n\n\n<h5 class=\"wp-block-heading\">Kontakt:<\/h5>\n\n\n\n<p>Telefon: &#8211;<br>E-Mail: <a href=\"mailto:vorstand@gcc-ev.de\">vorstand@gcc-ev.de<\/a><\/p>\n\n\n\n<h5 class=\"wp-block-heading\">Registereintrag:<\/h5>\n\n\n\n<p>Eintragung im Vereinsregister.<br>Registergericht: Amtsgericht K\u00f6nigstein\/Ts.<br>Registernummer: VR 832<\/p>\n\n\n\n<h5 class=\"wp-block-heading\">Verantwortlich f\u00fcr den Inhalt nach \u00a7 55 Abs. 2 RStV:<\/h5>\n\n\n\n<p>Karin Dostal<br>Bezirksstra\u00dfe 40<br>65817 Eppstein<\/p>\n\n\n\n<h5 class=\"wp-block-heading\">Streitschlichtung<\/h5>\n\n\n\n<p>Wir sind nicht bereit oder verpflichtet, an Streitbeilegungsverfahren vor einer Verbraucherschlichtungsstelle teilzunehmen.<\/p>\n\n\n\n<h5 class=\"wp-block-heading\">Haftung f\u00fcr Inhalte<\/h5>\n\n\n\n<p class=\"tw-mb-0 tw-mt-0\">Als Diensteanbieter sind wir gem\u00e4\u00df \u00a7 7 Abs.1 TMG f\u00fcr eigene Inhalte auf diesen Seiten nach den allgemeinen Gesetzen verantwortlich.<br>Nach \u00a7\u00a7 8 bis 10 TMG sind wir als Diensteanbieter jedoch nicht verpflichtet, \u00fcbermittelte oder gespeicherte fremde Informationen zu<br>\u00fcberwachen oder nach Umst\u00e4nden zu forschen, die auf eine rechtswidrige T\u00e4tigkeit hinweisen.<\/p>\n\n\n\n<p>Verpflichtungen zur Entfernung oder Sperrung der Nutzung von Informationen nach den allgemeinen Gesetzen bleiben hiervon unber\u00fchrt.<br>Eine diesbez\u00fcgliche Haftung ist jedoch erst ab dem Zeitpunkt der Kenntnis einer konkreten Rechtsverletzung m\u00f6glich.<br>Bei Bekanntwerden von entsprechenden Rechtsverletzungen werden wir diese Inhalte umgehend entfernen.<\/p>\n\n\n\n<h5 class=\"wp-block-heading\">Haftung f\u00fcr Links<\/h5>\n\n\n\n<p>Unser Angebot enth\u00e4lt Links zu externen Websites Dritter, auf deren Inhalte wir keinen Einfluss haben.<br>Deshalb k\u00f6nnen wir f\u00fcr diese fremden Inhalte auch keine Gew\u00e4hr \u00fcbernehmen.<br>F\u00fcr die Inhalte der verlinkten Seiten ist stets der jeweilige Anbieter oder Betreiber der Seiten verantwortlich.<br>Die verlinkten Seiten wurden zum Zeitpunkt der Verlinkung auf m\u00f6gliche Rechtsverst\u00f6\u00dfe \u00fcberpr\u00fcft.<br>Rechtswidrige Inhalte waren zum Zeitpunkt der Verlinkung nicht erkennbar.<\/p>\n\n\n\n<p>Eine permanente inhaltliche Kontrolle der verlinkten Seiten ist jedoch ohne konkrete Anhaltspunkte einer Rechtsverletzung nicht zumutbar.<br>Bei Bekanntwerden von Rechtsverletzungen werden wir derartige Links umgehend entfernen.<\/p>\n\n\n\n<h5 class=\"wp-block-heading\">Urheberrecht<\/h5>\n\n\n\n<p>Die durch die Seitenbetreiber erstellten Inhalte und Werke auf diesen Seiten unterliegen dem deutschen Urheberrecht.<br>Die Vervielf\u00e4ltigung, Bearbeitung, Verbreitung und jede Art der Verwertung au\u00dferhalb der Grenzen des Urheberrechtes<br>bed\u00fcrfen der schriftlichen Zustimmung des jeweiligen Autors bzw. Erstellers.<br>Downloads und Kopien dieser Seite sind nur f\u00fcr den privaten, nicht kommerziellen Gebrauch gestattet.<\/p>\n\n\n\n<p>Soweit die Inhalte auf dieser Seite nicht vom Betreiber erstellt wurden, werden die Urheberrechte Dritter beachtet.<br>Insbesondere werden Inhalte Dritter als solche gekennzeichnet.<br>Sollten Sie trotzdem auf eine Urheberrechtsverletzung aufmerksam werden, bitten wir um einen entsprechenden Hinweis.<br>Bei Bekanntwerden von Rechtsverletzungen werden wir derartige Inhalte umgehend entfernen.<\/p>\n\n\n\n<p>Quelle:&nbsp;<a href=\"https:\/\/www.erecht24.de\/\">eRecht24<\/a><\/p>\n","protected":false},"excerpt":{"rendered":"<p>Angaben gem\u00e4\u00df \u00a7 5 TMG: Gusbacher Carneval Club 1981 e.V.Bezirksstra\u00dfe 4065817 Eppstein Vertreten durch: Frau Karin Dostal (1.Vorsitzende)Frau Julia Esser (2.Vorsitzende)Herr Dr. Christoph Striedter (1.Kassierer)Frau Rosi Weinkeim (2.Kassiererin)Frau Maike Sickenberger (1.Schriftf\u00fchrerin)Herr Fabian Lampe (2.Schriftf\u00fchrer) Kontakt: Telefon: &#8211;E-Mail: vorstand@gcc-ev.de Registereintrag: Eintragung im Vereinsregister.Registergericht: Amtsgericht K\u00f6nigstein\/Ts.Registernummer: VR 832 Verantwortlich f\u00fcr den Inhalt nach \u00a7 55 Abs. 2&hellip;<\/p>\n","protected":false},"author":1,"featured_media":0,"parent":0,"menu_order":0,"comment_status":"closed","ping_status":"closed","template":"","meta":{"pgc_sgb_lightbox_settings":"","footnotes":""},"class_list":["post-175","page","type-page","status-publish","hentry"],"_links":{"self":[{"href":"https:\/\/www.gcc-ev.de\/index.php?rest_route=\/wp\/v2\/pages\/175","targetHints":{"allow":["GET"]}}],"collection":[{"href":"https:\/\/www.gcc-ev.de\/index.php?rest_route=\/wp\/v2\/pages"}],"about":[{"href":"https:\/\/www.gcc-ev.de\/index.php?rest_route=\/wp\/v2\/types\/page"}],"author":[{"embeddable":true,"href":"https:\/\/www.gcc-ev.de\/index.php?rest_route=\/wp\/v2\/users\/1"}],"replies":[{"embeddable":true,"href":"https:\/\/www.gcc-ev.de\/index.php?rest_route=%2Fwp%2Fv2%2Fcomments&post=175"}],"version-history":[{"count":7,"href":"https:\/\/www.gcc-ev.de\/index.php?rest_route=\/wp\/v2\/pages\/175\/revisions"}],"predecessor-version":[{"id":3812,"href":"https:\/\/www.gcc-ev.de\/index.php?rest_route=\/wp\/v2\/pages\/175\/revisions\/3812"}],"wp:attachment":[{"href":"https:\/\/www.gcc-ev.de\/index.php?rest_route=%2Fwp%2Fv2%2Fmedia&parent=175"}],"curies":[{"name":"wp","href":"https:\/\/api.w.org\/{rel}","templated":true}]}}